{"id":2672,"date":"2019-01-22T15:46:39","date_gmt":"2019-01-22T15:46:39","guid":{"rendered":"https:\/\/vck.nl\/home\/"},"modified":"2022-02-03T12:53:45","modified_gmt":"2022-02-03T12:53:45","slug":"home","status":"publish","type":"page","link":"https:\/\/vck.nl\/de\/home\/","title":{"rendered":"Home"},"content":{"rendered":"<div class=\"root\">\n<header>\n<div class=\"container\">\n<a href=\"#\" class=\"logo\"><br \/>\n<img decoding=\"async\" src=\"https:\/\/vck.nl\/wp-content\/themes\/allroundweb-child\/img\/portal\/logo.png\" alt=\"VCK Logistics\" title=\"VCK Logistics\"><br \/>\n<\/a><\/p>\n<div id=\"awdownlaodhomepage\">&nbsp;\n<\/div>\n<\/div>\n<div data-id=\"26b26a1\" class=\"elementor-element elementor-element-26b26a1 elementor-column elementor-col-33 elementor-top-column aw-first-lang\" data-element_type=\"column\">\n<div class=\"elementor-column-wrap elementor-element-populated\">\n<div class=\"elementor-widget-wrap\">\n<div data-id=\"9e67e7b\" class=\"elementor-element elementor-element-9e67e7b aw-lang-switch elementor-widget elementor-widget-shortcode\" data-element_type=\"shortcode.default\">\n<div class=\"elementor-widget-container\">\n<div class=\"elementor-shortcode\">\n<div class=\"wpml-ls-statics-shortcode_actions wpml-ls wpml-ls-legacy-dropdown js-wpml-ls-legacy-dropdown\">\n<ul>\n<li tabindex=\"0\" class=\"wpml-ls-slot-shortcode_actions wpml-ls-item wpml-ls-item-nl wpml-ls-current-language wpml-ls-first-item wpml-ls-item-legacy-dropdown\">\n\t\t\t<a href=\"javascript:void(0)\" class=\"js-wpml-ls-item-toggle wpml-ls-item-toggle\" style=\"margin-right: 25px;\"><span class=\"wpml-ls-native\">DE<\/span><\/a><\/p>\n<ul class=\"wpml-ls-sub-menu\">\n<li class=\"wpml-ls-slot-shortcode_actions wpml-ls-item wpml-ls-item-en\">\n\t\t\t\t\t\t<a href=\"https:\/\/vck.nl\/de\/\" class=\"wpml-ls-link\"><span class=\"wpml-ls-display\">NL<\/span><\/a><\/li>\n<li class=\"wpml-ls-slot-shortcode_actions wpml-ls-item wpml-ls-item-de wpml-ls-last-item\">\n\t\t\t\t\t\t<a href=\"https:\/\/vck.nl\/en\/\" class=\"wpml-ls-link\"><span class=\"wpml-ls-display\">EN<\/span><\/a><\/li>\n<\/ul>\n<\/li>\n<\/ul>\n<\/div>\n<\/div>\n<\/div>\n<\/div>\n<\/div>\n<\/div>\n<\/div>\n<\/header>\n<p><main><\/p>\n<div class=\"container\">\n<nav>\n<ul>\n<li class=\"supply-chain-solutions\"><a href=\"https:\/\/vck.nl\/de\/supply-chain-solutions\/\">supply chain solutions<\/a><\/li>\n<li class=\"airfreight\"><a href=\"https:\/\/vck.nl\/de\/airfreight\/\">airfreight<\/a><\/li>\n<li class=\"oceanfreight\"><a href=\"https:\/\/vck.nl\/de\/oceanfreight\/\">oceanfreight<\/a><\/li>\n<li class=\"port-logistics\"><a href=\"https:\/\/vck.nl\/de\/\">port logistics<\/a><\/li>\n<\/ul>\n<\/nav>\n<section id=\"Content\">\n<article>Die St\u00e4rke unseres Unternehmens liegt in der Vereinfachung logistischer Prozesse und der Optimierung von Informationsstr\u00f6men. Dies ist mit direkten Vorteilen f\u00fcr unsere Kunden verbunden: es bedeutet Zeitersparnis, Risiko- und Kostensenkungen \u00fcber den gesamten Vertriebsprozess hinweg.<\/p>\n<\/article>\n<\/section>\n<p><\/main><\/p>\n<div class=\"root-footer\">\t\t<div data-elementor-type=\"section\" data-elementor-id=\"4057\" class=\"elementor elementor-4057\" data-elementor-post-type=\"elementor_library\">\n\t\t\t\t\t<section class=\"elementor-section elementor-top-section elementor-element elementor-element-84a705d aw-home-display elementor-section-boxed elementor-section-height-default elementor-section-height-default\" data-id=\"84a705d\" data-element_type=\"section\" data-e-type=\"section\">\n\t\t\t\t\t\t<div class=\"elementor-container elementor-column-gap-default\">\n\t\t\t\t\t<div class=\"elementor-column elementor-col-100 elementor-top-column elementor-element elementor-element-d54547b\" data-id=\"d54547b\" data-element_type=\"column\" data-e-type=\"column\">\n\t\t\t<div class=\"elementor-widget-wrap elementor-element-populated\">\n\t\t\t\t\t\t<div class=\"elementor-element elementor-element-00faf6a elementor-widget elementor-widget-text-editor\" data-id=\"00faf6a\" data-element_type=\"widget\" data-e-type=\"widget\" data-widget_type=\"text-editor.default\">\n\t\t\t\t<div class=\"elementor-widget-container\">\n\t\t\t\t\t\t\t\t\t<p>font inladen<\/p>\t\t\t\t\t\t\t\t<\/div>\n\t\t\t\t<\/div>\n\t\t\t\t\t<\/div>\n\t\t<\/div>\n\t\t\t\t\t<\/div>\n\t\t<\/section>\n\t\t\t\t<\/div>\n\t\t<\/div>\n<\/div>\n<div class=\"container footer-container\">\n<footer>\n<section id=\"MainImage\"><img decoding=\"async\" class=\"scs\" src=\"https:\/\/vck.nl\/wp-content\/themes\/allroundweb-child\/img\/portal\/supply-chain.jpg\" alt=\"Supply Chain Solutions\"><img decoding=\"async\" class=\"airfreight\" src=\"https:\/\/vck.nl\/wp-content\/themes\/allroundweb-child\/img\/portal\/airfreight.jpg\" alt=\"AirFreight\"><img decoding=\"async\" class=\"oceanfreight\" src=\"https:\/\/vck.nl\/wp-content\/themes\/allroundweb-child\/img\/portal\/oceanfreight.jpg\" alt=\"OceanFreight\"><img decoding=\"async\" class=\"port-logistics\" src=\"https:\/\/vck.nl\/wp-content\/themes\/allroundweb-child\/img\/portal\/port-logistics.jpg\" alt=\"Port logistics\"><\/section>\n<div class=\"simplifying-logistics\">Simplifying Logistics<\/div>\n<p><img decoding=\"async\" height=\"0\" width=\"0\" src=\"https:\/\/vck.nl\/wp-content\/themes\/allroundweb-child\/img\/portal\/airfreight-bg.jpg\"><br \/>\n<img decoding=\"async\" height=\"0\" width=\"0\" src=\"https:\/\/vck.nl\/wp-content\/themes\/allroundweb-child\/img\/portal\/oceanfreight-bg.jpg\"><br \/>\n<img decoding=\"async\" height=\"0\" width=\"0\" src=\"https:\/\/vck.nl\/wp-content\/themes\/allroundweb-child\/img\/portal\/port-logistics-bg.jpg\"><br \/>\n<img loading=\"lazy\" decoding=\"async\" height=\"0\" width=\"0\" src=\"https:\/\/vck.nl\/wp-content\/themes\/allroundweb-child\/img\/portal\/supply-chain-bg.jpg\"><br \/>\n<\/footer>\n<div class=\"cf\"><\/div>\n<\/div>\n","protected":false},"excerpt":{"rendered":"<p>&nbsp; DE NL EN supply chain solutions airfreight oceanfreight port logistics Die St\u00e4rke unseres Unternehmens liegt in der Vereinfachung logistischer Prozesse und der Optimierung von Informationsstr\u00f6men. Dies ist mit direkten Vorteilen f\u00fcr unsere Kunden verbunden: es bedeutet Zeitersparnis, Risiko- und Kostensenkungen \u00fcber den gesamten Vertriebsprozess hinweg. Simplifying Logistics<\/p>\n","protected":false},"author":1,"featured_media":0,"parent":0,"menu_order":0,"comment_status":"closed","ping_status":"closed","template":"elementor_canvas","meta":{"_acf_changed":false,"footnotes":""},"class_list":["post-2672","page","type-page","status-publish","hentry"],"acf":[],"yoast_head":"<!-- This site is optimized with the Yoast SEO plugin v27.5 - https:\/\/yoast.com\/product\/yoast-seo-wordpress\/ -->\n<title>Home - VCK Logistics<\/title>\n<meta name=\"robots\" content=\"index, follow, max-snippet:-1, max-image-preview:large, max-video-preview:-1\" \/>\n<link rel=\"canonical\" href=\"https:\/\/vcklogistics.com\/de\/home\/\" \/>\n<meta property=\"og:locale\" content=\"de_DE\" \/>\n<meta property=\"og:type\" content=\"article\" \/>\n<meta property=\"og:title\" content=\"Home - VCK Logistics\" \/>\n<meta property=\"og:description\" content=\"&nbsp; DE NL EN supply chain solutions airfreight oceanfreight port logistics Die St\u00e4rke unseres Unternehmens liegt in der Vereinfachung logistischer Prozesse und der Optimierung von Informationsstr\u00f6men. Dies ist mit direkten Vorteilen f\u00fcr unsere Kunden verbunden: es bedeutet Zeitersparnis, Risiko- und Kostensenkungen \u00fcber den gesamten Vertriebsprozess hinweg. Simplifying Logistics\" \/>\n<meta property=\"og:url\" content=\"https:\/\/vcklogistics.com\/de\/home\/\" \/>\n<meta property=\"og:site_name\" content=\"VCK Logistics\" \/>\n<meta property=\"article:modified_time\" content=\"2022-02-03T12:53:45+00:00\" \/>\n<meta property=\"og:image\" content=\"https:\/\/vck.nl\/wp-content\/themes\/allroundweb-child\/img\/portal\/logo.png\" \/>\n<meta name=\"twitter:card\" content=\"summary_large_image\" \/>\n<script type=\"application\/ld+json\" class=\"yoast-schema-graph\">{\"@context\":\"https:\\\/\\\/schema.org\",\"@graph\":[{\"@type\":\"WebPage\",\"@id\":\"https:\\\/\\\/vcklogistics.com\\\/de\\\/home\\\/\",\"url\":\"https:\\\/\\\/vcklogistics.com\\\/de\\\/home\\\/\",\"name\":\"Home - VCK Logistics\",\"isPartOf\":{\"@id\":\"https:\\\/\\\/vck.nl\\\/#website\"},\"primaryImageOfPage\":{\"@id\":\"https:\\\/\\\/vcklogistics.com\\\/de\\\/home\\\/#primaryimage\"},\"image\":{\"@id\":\"https:\\\/\\\/vcklogistics.com\\\/de\\\/home\\\/#primaryimage\"},\"thumbnailUrl\":\"https:\\\/\\\/vck.nl\\\/wp-content\\\/themes\\\/allroundweb-child\\\/img\\\/portal\\\/logo.png\",\"datePublished\":\"2019-01-22T15:46:39+00:00\",\"dateModified\":\"2022-02-03T12:53:45+00:00\",\"breadcrumb\":{\"@id\":\"https:\\\/\\\/vcklogistics.com\\\/de\\\/home\\\/#breadcrumb\"},\"inLanguage\":\"de\",\"potentialAction\":[{\"@type\":\"ReadAction\",\"target\":[\"https:\\\/\\\/vcklogistics.com\\\/de\\\/home\\\/\"]}]},{\"@type\":\"ImageObject\",\"inLanguage\":\"de\",\"@id\":\"https:\\\/\\\/vcklogistics.com\\\/de\\\/home\\\/#primaryimage\",\"url\":\"https:\\\/\\\/vck.nl\\\/wp-content\\\/themes\\\/allroundweb-child\\\/img\\\/portal\\\/logo.png\",\"contentUrl\":\"https:\\\/\\\/vck.nl\\\/wp-content\\\/themes\\\/allroundweb-child\\\/img\\\/portal\\\/logo.png\"},{\"@type\":\"BreadcrumbList\",\"@id\":\"https:\\\/\\\/vcklogistics.com\\\/de\\\/home\\\/#breadcrumb\",\"itemListElement\":[{\"@type\":\"ListItem\",\"position\":1,\"name\":\"Home\",\"item\":\"https:\\\/\\\/vck.nl\\\/de\\\/\"},{\"@type\":\"ListItem\",\"position\":2,\"name\":\"Home\"}]},{\"@type\":\"WebSite\",\"@id\":\"https:\\\/\\\/vck.nl\\\/#website\",\"url\":\"https:\\\/\\\/vck.nl\\\/\",\"name\":\"VCK Logistics\",\"description\":\"VCK\",\"publisher\":{\"@id\":\"https:\\\/\\\/vck.nl\\\/#organization\"},\"potentialAction\":[{\"@type\":\"SearchAction\",\"target\":{\"@type\":\"EntryPoint\",\"urlTemplate\":\"https:\\\/\\\/vck.nl\\\/?s={search_term_string}\"},\"query-input\":{\"@type\":\"PropertyValueSpecification\",\"valueRequired\":true,\"valueName\":\"search_term_string\"}}],\"inLanguage\":\"de\"},{\"@type\":\"Organization\",\"@id\":\"https:\\\/\\\/vck.nl\\\/#organization\",\"name\":\"VCK Logistics\",\"url\":\"https:\\\/\\\/vck.nl\\\/\",\"logo\":{\"@type\":\"ImageObject\",\"inLanguage\":\"de\",\"@id\":\"https:\\\/\\\/vck.nl\\\/#\\\/schema\\\/logo\\\/image\\\/\",\"url\":\"https:\\\/\\\/vck.nl\\\/wp-content\\\/uploads\\\/2019\\\/01\\\/cropped-logo.png\",\"contentUrl\":\"https:\\\/\\\/vck.nl\\\/wp-content\\\/uploads\\\/2019\\\/01\\\/cropped-logo.png\",\"width\":180,\"height\":85,\"caption\":\"VCK Logistics\"},\"image\":{\"@id\":\"https:\\\/\\\/vck.nl\\\/#\\\/schema\\\/logo\\\/image\\\/\"}}]}<\/script>\n<!-- \/ Yoast SEO plugin. -->","yoast_head_json":{"title":"Home - VCK Logistics","robots":{"index":"index","follow":"follow","max-snippet":"max-snippet:-1","max-image-preview":"max-image-preview:large","max-video-preview":"max-video-preview:-1"},"canonical":"https:\/\/vcklogistics.com\/de\/home\/","og_locale":"de_DE","og_type":"article","og_title":"Home - VCK Logistics","og_description":"&nbsp; DE NL EN supply chain solutions airfreight oceanfreight port logistics Die St\u00e4rke unseres Unternehmens liegt in der Vereinfachung logistischer Prozesse und der Optimierung von Informationsstr\u00f6men. Dies ist mit direkten Vorteilen f\u00fcr unsere Kunden verbunden: es bedeutet Zeitersparnis, Risiko- und Kostensenkungen \u00fcber den gesamten Vertriebsprozess hinweg. Simplifying Logistics","og_url":"https:\/\/vcklogistics.com\/de\/home\/","og_site_name":"VCK Logistics","article_modified_time":"2022-02-03T12:53:45+00:00","og_image":[{"url":"https:\/\/vck.nl\/wp-content\/themes\/allroundweb-child\/img\/portal\/logo.png","type":"","width":"","height":""}],"twitter_card":"summary_large_image","schema":{"@context":"https:\/\/schema.org","@graph":[{"@type":"WebPage","@id":"https:\/\/vcklogistics.com\/de\/home\/","url":"https:\/\/vcklogistics.com\/de\/home\/","name":"Home - VCK Logistics","isPartOf":{"@id":"https:\/\/vck.nl\/#website"},"primaryImageOfPage":{"@id":"https:\/\/vcklogistics.com\/de\/home\/#primaryimage"},"image":{"@id":"https:\/\/vcklogistics.com\/de\/home\/#primaryimage"},"thumbnailUrl":"https:\/\/vck.nl\/wp-content\/themes\/allroundweb-child\/img\/portal\/logo.png","datePublished":"2019-01-22T15:46:39+00:00","dateModified":"2022-02-03T12:53:45+00:00","breadcrumb":{"@id":"https:\/\/vcklogistics.com\/de\/home\/#breadcrumb"},"inLanguage":"de","potentialAction":[{"@type":"ReadAction","target":["https:\/\/vcklogistics.com\/de\/home\/"]}]},{"@type":"ImageObject","inLanguage":"de","@id":"https:\/\/vcklogistics.com\/de\/home\/#primaryimage","url":"https:\/\/vck.nl\/wp-content\/themes\/allroundweb-child\/img\/portal\/logo.png","contentUrl":"https:\/\/vck.nl\/wp-content\/themes\/allroundweb-child\/img\/portal\/logo.png"},{"@type":"BreadcrumbList","@id":"https:\/\/vcklogistics.com\/de\/home\/#breadcrumb","itemListElement":[{"@type":"ListItem","position":1,"name":"Home","item":"https:\/\/vck.nl\/de\/"},{"@type":"ListItem","position":2,"name":"Home"}]},{"@type":"WebSite","@id":"https:\/\/vck.nl\/#website","url":"https:\/\/vck.nl\/","name":"VCK Logistics","description":"VCK","publisher":{"@id":"https:\/\/vck.nl\/#organization"},"potentialAction":[{"@type":"SearchAction","target":{"@type":"EntryPoint","urlTemplate":"https:\/\/vck.nl\/?s={search_term_string}"},"query-input":{"@type":"PropertyValueSpecification","valueRequired":true,"valueName":"search_term_string"}}],"inLanguage":"de"},{"@type":"Organization","@id":"https:\/\/vck.nl\/#organization","name":"VCK Logistics","url":"https:\/\/vck.nl\/","logo":{"@type":"ImageObject","inLanguage":"de","@id":"https:\/\/vck.nl\/#\/schema\/logo\/image\/","url":"https:\/\/vck.nl\/wp-content\/uploads\/2019\/01\/cropped-logo.png","contentUrl":"https:\/\/vck.nl\/wp-content\/uploads\/2019\/01\/cropped-logo.png","width":180,"height":85,"caption":"VCK Logistics"},"image":{"@id":"https:\/\/vck.nl\/#\/schema\/logo\/image\/"}}]}},"_links":{"self":[{"href":"https:\/\/vck.nl\/de\/wp-json\/wp\/v2\/pages\/2672","targetHints":{"allow":["GET"]}}],"collection":[{"href":"https:\/\/vck.nl\/de\/wp-json\/wp\/v2\/pages"}],"about":[{"href":"https:\/\/vck.nl\/de\/wp-json\/wp\/v2\/types\/page"}],"author":[{"embeddable":true,"href":"https:\/\/vck.nl\/de\/wp-json\/wp\/v2\/users\/1"}],"replies":[{"embeddable":true,"href":"https:\/\/vck.nl\/de\/wp-json\/wp\/v2\/comments?post=2672"}],"version-history":[{"count":5,"href":"https:\/\/vck.nl\/de\/wp-json\/wp\/v2\/pages\/2672\/revisions"}],"predecessor-version":[{"id":5244,"href":"https:\/\/vck.nl\/de\/wp-json\/wp\/v2\/pages\/2672\/revisions\/5244"}],"wp:attachment":[{"href":"https:\/\/vck.nl\/de\/wp-json\/wp\/v2\/media?parent=2672"}],"curies":[{"name":"wp","href":"https:\/\/api.w.org\/{rel}","templated":true}]}}